{"id":24325,"date":"2025-07-10T15:25:03","date_gmt":"2025-07-10T13:44:20","guid":{"rendered":"https:\/\/ibc.ee\/product\/hdpe-flaska-500-ml-vit-med-barnsaker-kork\/"},"modified":"2025-07-10T15:44:20","modified_gmt":"2025-07-10T13:44:20","slug":"hdpe-flaska-500-ml-vit-med-barnsaker-kork","status":"publish","type":"product","link":"https:\/\/ibc.ee\/sv\/produkt\/hdpe-flaska-500-ml-vit-med-barnsaker-kork\/","title":{"rendered":"HDPE-flaska 500 ml \u2013 Vit med barns\u00e4ker kork"},"content":{"rendered":"<p><strong>Vanliga anv\u00e4ndningsomr\u00e5den:<\/strong><br \/>\n&#8211; Hush\u00e5llskemikalier: reng\u00f6ringsmedel, tv\u00e5lar, l\u00f6sningsmedel<br \/>\n&#8211; L\u00e4kemedel: sirap, flytande mediciner (receptfria)<br \/>\n&#8211; Laboratorier: provf\u00f6rvaring, v\u00e4tskedosering<br \/>\n&#8211; Kosmetik &amp; hygien: schampo, lotion, gel<br \/>\n&#8211; Jordbruk &amp; tr\u00e4dg\u00e5rd: v\u00e4xtn\u00e4ring, bek\u00e4mpningsmedelskoncentrat<br \/>\n&#8211; DIY och hobby: f\u00e4rger, lim, bl\u00e4ck, tillsatser<\/p>\n","protected":false},"excerpt":{"rendered":"<p>500 ml HDPE-flaskan \u00e4r en slitstark, l\u00e4tt och kemikalieresistent beh\u00e5llare som \u00e4r utformad f\u00f6r s\u00e4ker f\u00f6rvaring och dosering av v\u00e4tskor. Tillverkad av h\u00f6gdensitetspolyeten (HDPE), vilket g\u00f6r den livsmedelss\u00e4ker, kemiskt inert och \u00e5tervinningsbar. <\/p>\n<p>Flaskan \u00e4r utrustad med en barns\u00e4ker kork, som ger ett extra skydd \u2013 s\u00e4rskilt n\u00e4r inneh\u00e5llet kan vara farligt eller k\u00e4nsligt.<\/p>\n","protected":false},"featured_media":24316,"template":"","meta":[],"product_brand":[],"product_cat":[448],"product_tag":[],"class_list":{"0":"post-24325","1":"product","2":"type-product","3":"status-publish","4":"has-post-thumbnail","6":"product_cat-fat-och-burkar","7":"product_shipping_class-omniva-sv","9":"first","10":"instock","11":"taxable","12":"shipping-taxable","13":"purchasable","14":"product-type-simple"},"yoast_head":"<!-- This site is optimized with the Yoast SEO plugin v26.9 - https:\/\/yoast.com\/product\/yoast-seo-wordpress\/ -->\n<title>HDPE-flaska 500 ml \u2013 Vit med barns\u00e4ker kork - IBC konteineri m&uuml;&uuml;k, vaadid, kraanid, mahutid<\/title>\n<meta name=\"description\" content=\"500 ml HDPE-flaskan \u00e4r en slitstark, l\u00e4tt och kemikalieresistent beh\u00e5llare som \u00e4r utformad f\u00f6r s\u00e4ker f\u00f6rvaring och dosering av v\u00e4tskor.\" \/>\n<meta name=\"robots\" content=\"index, follow, max-snippet:-1, max-image-preview:large, max-video-preview:-1\" \/>\n<link rel=\"canonical\" href=\"https:\/\/ibc.ee\/sv\/produkt\/hdpe-flaska-500-ml-vit-med-barnsaker-kork\/\" \/>\n<meta property=\"og:locale\" content=\"sv_SE\" \/>\n<meta property=\"og:type\" content=\"article\" \/>\n<meta property=\"og:title\" content=\"HDPE-flaska 500 ml \u2013 Vit med barns\u00e4ker kork - IBC konteineri m&uuml;&uuml;k, vaadid, kraanid, mahutid\" \/>\n<meta property=\"og:description\" content=\"500 ml HDPE-flaskan \u00e4r en slitstark, l\u00e4tt och kemikalieresistent beh\u00e5llare som \u00e4r utformad f\u00f6r s\u00e4ker f\u00f6rvaring och dosering av v\u00e4tskor.\" \/>\n<meta property=\"og:url\" content=\"https:\/\/ibc.ee\/sv\/produkt\/hdpe-flaska-500-ml-vit-med-barnsaker-kork\/\" \/>\n<meta property=\"og:site_name\" content=\"IBC konteineri m&uuml;&uuml;k, vaadid, kraanid, mahutid\" \/>\n<meta property=\"og:image\" content=\"https:\/\/ibc.ee\/wp-content\/uploads\/2025\/07\/HDPE-bottl-500ml.jpg\" \/>\n\t<meta property=\"og:image:width\" content=\"1000\" \/>\n\t<meta property=\"og:image:height\" content=\"1000\" \/>\n\t<meta property=\"og:image:type\" content=\"image\/jpeg\" \/>\n<meta name=\"twitter:card\" content=\"summary_large_image\" \/>\n<script type=\"application\/ld+json\" class=\"yoast-schema-graph\">{\"@context\":\"https:\/\/schema.org\",\"@graph\":[{\"@type\":\"WebPage\",\"@id\":\"https:\/\/ibc.ee\/sv\/produkt\/hdpe-flaska-500-ml-vit-med-barnsaker-kork\/\",\"url\":\"https:\/\/ibc.ee\/sv\/produkt\/hdpe-flaska-500-ml-vit-med-barnsaker-kork\/\",\"name\":\"HDPE-flaska 500 ml \u2013 Vit med barns\u00e4ker kork - IBC konteineri m&uuml;&uuml;k, vaadid, kraanid, mahutid\",\"isPartOf\":{\"@id\":\"https:\/\/www.ibc.ee\/sv\/#website\"},\"primaryImageOfPage\":{\"@id\":\"https:\/\/ibc.ee\/sv\/produkt\/hdpe-flaska-500-ml-vit-med-barnsaker-kork\/#primaryimage\"},\"image\":{\"@id\":\"https:\/\/ibc.ee\/sv\/produkt\/hdpe-flaska-500-ml-vit-med-barnsaker-kork\/#primaryimage\"},\"thumbnailUrl\":\"https:\/\/ibc.ee\/wp-content\/uploads\/2025\/07\/HDPE-bottl-500ml.jpg\",\"datePublished\":\"2025-07-10T13:44:20+00:00\",\"description\":\"500 ml HDPE-flaskan \u00e4r en slitstark, l\u00e4tt och kemikalieresistent beh\u00e5llare som \u00e4r utformad f\u00f6r s\u00e4ker f\u00f6rvaring och dosering av v\u00e4tskor.\",\"breadcrumb\":{\"@id\":\"https:\/\/ibc.ee\/sv\/produkt\/hdpe-flaska-500-ml-vit-med-barnsaker-kork\/#breadcrumb\"},\"inLanguage\":\"sv-SE\",\"potentialAction\":[{\"@type\":\"ReadAction\",\"target\":[\"https:\/\/ibc.ee\/sv\/produkt\/hdpe-flaska-500-ml-vit-med-barnsaker-kork\/\"]}]},{\"@type\":\"ImageObject\",\"inLanguage\":\"sv-SE\",\"@id\":\"https:\/\/ibc.ee\/sv\/produkt\/hdpe-flaska-500-ml-vit-med-barnsaker-kork\/#primaryimage\",\"url\":\"https:\/\/ibc.ee\/wp-content\/uploads\/2025\/07\/HDPE-bottl-500ml.jpg\",\"contentUrl\":\"https:\/\/ibc.ee\/wp-content\/uploads\/2025\/07\/HDPE-bottl-500ml.jpg\",\"width\":1000,\"height\":1000,\"caption\":\"HDPE Bottle 500ml \u2013 with Child-Resistant Cap\"},{\"@type\":\"BreadcrumbList\",\"@id\":\"https:\/\/ibc.ee\/sv\/produkt\/hdpe-flaska-500-ml-vit-med-barnsaker-kork\/#breadcrumb\",\"itemListElement\":[{\"@type\":\"ListItem\",\"position\":1,\"name\":\"\u0413\u043b\u0430\u0432\u043d\u0430\u044f \u0441\u0442\u0440\u0430\u043d\u0438\u0446\u0430\",\"item\":\"https:\/\/www.ibc.ee\/sv\/\"},{\"@type\":\"ListItem\",\"position\":2,\"name\":\"Butik\",\"item\":\"https:\/\/www.ibc.ee\/sv\/butik\/\"},{\"@type\":\"ListItem\",\"position\":3,\"name\":\"HDPE-flaska 500 ml \u2013 Vit med barns\u00e4ker kork\"}]},{\"@type\":\"WebSite\",\"@id\":\"https:\/\/www.ibc.ee\/sv\/#website\",\"url\":\"https:\/\/www.ibc.ee\/sv\/\",\"name\":\"IBC konteineri m&uuml;&uuml;k, vaadid, kraanid, mahutid\",\"description\":\"IBC - Tank container valve, Adapters\\\\fittings, Intermediate bulk, container, Drums\/cans\",\"potentialAction\":[{\"@type\":\"SearchAction\",\"target\":{\"@type\":\"EntryPoint\",\"urlTemplate\":\"https:\/\/www.ibc.ee\/sv\/?s={search_term_string}\"},\"query-input\":{\"@type\":\"PropertyValueSpecification\",\"valueRequired\":true,\"valueName\":\"search_term_string\"}}],\"inLanguage\":\"sv-SE\"}]}<\/script>\n<!-- \/ Yoast SEO plugin. -->","yoast_head_json":{"title":"HDPE-flaska 500 ml \u2013 Vit med barns\u00e4ker kork - IBC konteineri m&uuml;&uuml;k, vaadid, kraanid, mahutid","description":"500 ml HDPE-flaskan \u00e4r en slitstark, l\u00e4tt och kemikalieresistent beh\u00e5llare som \u00e4r utformad f\u00f6r s\u00e4ker f\u00f6rvaring och dosering av v\u00e4tskor.","robots":{"index":"index","follow":"follow","max-snippet":"max-snippet:-1","max-image-preview":"max-image-preview:large","max-video-preview":"max-video-preview:-1"},"canonical":"https:\/\/ibc.ee\/sv\/produkt\/hdpe-flaska-500-ml-vit-med-barnsaker-kork\/","og_locale":"sv_SE","og_type":"article","og_title":"HDPE-flaska 500 ml \u2013 Vit med barns\u00e4ker kork - IBC konteineri m&uuml;&uuml;k, vaadid, kraanid, mahutid","og_description":"500 ml HDPE-flaskan \u00e4r en slitstark, l\u00e4tt och kemikalieresistent beh\u00e5llare som \u00e4r utformad f\u00f6r s\u00e4ker f\u00f6rvaring och dosering av v\u00e4tskor.","og_url":"https:\/\/ibc.ee\/sv\/produkt\/hdpe-flaska-500-ml-vit-med-barnsaker-kork\/","og_site_name":"IBC konteineri m&uuml;&uuml;k, vaadid, kraanid, mahutid","og_image":[{"width":1000,"height":1000,"url":"https:\/\/ibc.ee\/wp-content\/uploads\/2025\/07\/HDPE-bottl-500ml.jpg","type":"image\/jpeg"}],"twitter_card":"summary_large_image","schema":{"@context":"https:\/\/schema.org","@graph":[{"@type":"WebPage","@id":"https:\/\/ibc.ee\/sv\/produkt\/hdpe-flaska-500-ml-vit-med-barnsaker-kork\/","url":"https:\/\/ibc.ee\/sv\/produkt\/hdpe-flaska-500-ml-vit-med-barnsaker-kork\/","name":"HDPE-flaska 500 ml \u2013 Vit med barns\u00e4ker kork - IBC konteineri m&uuml;&uuml;k, vaadid, kraanid, mahutid","isPartOf":{"@id":"https:\/\/www.ibc.ee\/sv\/#website"},"primaryImageOfPage":{"@id":"https:\/\/ibc.ee\/sv\/produkt\/hdpe-flaska-500-ml-vit-med-barnsaker-kork\/#primaryimage"},"image":{"@id":"https:\/\/ibc.ee\/sv\/produkt\/hdpe-flaska-500-ml-vit-med-barnsaker-kork\/#primaryimage"},"thumbnailUrl":"https:\/\/ibc.ee\/wp-content\/uploads\/2025\/07\/HDPE-bottl-500ml.jpg","datePublished":"2025-07-10T13:44:20+00:00","description":"500 ml HDPE-flaskan \u00e4r en slitstark, l\u00e4tt och kemikalieresistent beh\u00e5llare som \u00e4r utformad f\u00f6r s\u00e4ker f\u00f6rvaring och dosering av v\u00e4tskor.","breadcrumb":{"@id":"https:\/\/ibc.ee\/sv\/produkt\/hdpe-flaska-500-ml-vit-med-barnsaker-kork\/#breadcrumb"},"inLanguage":"sv-SE","potentialAction":[{"@type":"ReadAction","target":["https:\/\/ibc.ee\/sv\/produkt\/hdpe-flaska-500-ml-vit-med-barnsaker-kork\/"]}]},{"@type":"ImageObject","inLanguage":"sv-SE","@id":"https:\/\/ibc.ee\/sv\/produkt\/hdpe-flaska-500-ml-vit-med-barnsaker-kork\/#primaryimage","url":"https:\/\/ibc.ee\/wp-content\/uploads\/2025\/07\/HDPE-bottl-500ml.jpg","contentUrl":"https:\/\/ibc.ee\/wp-content\/uploads\/2025\/07\/HDPE-bottl-500ml.jpg","width":1000,"height":1000,"caption":"HDPE Bottle 500ml \u2013 with Child-Resistant Cap"},{"@type":"BreadcrumbList","@id":"https:\/\/ibc.ee\/sv\/produkt\/hdpe-flaska-500-ml-vit-med-barnsaker-kork\/#breadcrumb","itemListElement":[{"@type":"ListItem","position":1,"name":"\u0413\u043b\u0430\u0432\u043d\u0430\u044f \u0441\u0442\u0440\u0430\u043d\u0438\u0446\u0430","item":"https:\/\/www.ibc.ee\/sv\/"},{"@type":"ListItem","position":2,"name":"Butik","item":"https:\/\/www.ibc.ee\/sv\/butik\/"},{"@type":"ListItem","position":3,"name":"HDPE-flaska 500 ml \u2013 Vit med barns\u00e4ker kork"}]},{"@type":"WebSite","@id":"https:\/\/www.ibc.ee\/sv\/#website","url":"https:\/\/www.ibc.ee\/sv\/","name":"IBC konteineri m&uuml;&uuml;k, vaadid, kraanid, mahutid","description":"IBC - Tank container valve, Adapters\\fittings, Intermediate bulk, container, Drums\/cans","potentialAction":[{"@type":"SearchAction","target":{"@type":"EntryPoint","urlTemplate":"https:\/\/www.ibc.ee\/sv\/?s={search_term_string}"},"query-input":{"@type":"PropertyValueSpecification","valueRequired":true,"valueName":"search_term_string"}}],"inLanguage":"sv-SE"}]}},"_links":{"self":[{"href":"https:\/\/ibc.ee\/sv\/wp-json\/wp\/v2\/product\/24325","targetHints":{"allow":["GET"]}}],"collection":[{"href":"https:\/\/ibc.ee\/sv\/wp-json\/wp\/v2\/product"}],"about":[{"href":"https:\/\/ibc.ee\/sv\/wp-json\/wp\/v2\/types\/product"}],"wp:featuredmedia":[{"embeddable":true,"href":"https:\/\/ibc.ee\/sv\/wp-json\/wp\/v2\/media\/24316"}],"wp:attachment":[{"href":"https:\/\/ibc.ee\/sv\/wp-json\/wp\/v2\/media?parent=24325"}],"wp:term":[{"taxonomy":"product_brand","embeddable":true,"href":"https:\/\/ibc.ee\/sv\/wp-json\/wp\/v2\/product_brand?post=24325"},{"taxonomy":"product_cat","embeddable":true,"href":"https:\/\/ibc.ee\/sv\/wp-json\/wp\/v2\/product_cat?post=24325"},{"taxonomy":"product_tag","embeddable":true,"href":"https:\/\/ibc.ee\/sv\/wp-json\/wp\/v2\/product_tag?post=24325"}],"curies":[{"name":"wp","href":"https:\/\/api.w.org\/{rel}","templated":true}]}}