{"id":24438,"date":"2025-07-15T08:36:31","date_gmt":"2025-07-15T07:08:48","guid":{"rendered":"https:\/\/ibc.ee\/product\/10l-hdpe-plastdunk-med-skruvbar-halltut\/"},"modified":"2025-07-15T09:08:48","modified_gmt":"2025-07-15T07:08:48","slug":"10l-hdpe-plastdunk-med-skruvbar-halltut","status":"publish","type":"product","link":"https:\/\/ibc.ee\/sv\/produkt\/10l-hdpe-plastdunk-med-skruvbar-halltut\/","title":{"rendered":"10L HDPE plastdunk med skruvbar h\u00e4lltut"},"content":{"rendered":"<p><strong>Specifikationer:<\/strong><br \/>\n&#8211; Volym: 10 liter<br \/>\n&#8211; Halsdiameter: 40 mm<br \/>\n&#8211; M\u00e5tt: H\u00f6jd 300 mm \u00d7 Bredd 150 mm \u00d7 L\u00e4ngd 280 mm<br \/>\n&#8211; Material: HDPE (h\u00f6gdensitetspolyeten)<br \/>\n&#8211; F\u00e4rg: Vit eller halvtransparent (kan variera)<br \/>\n&#8211; Ing\u00e5r: Skruvbar h\u00e4lltut \/ f\u00f6rl\u00e4ngning<\/p>\n<p><strong>Vanliga anv\u00e4ndningsomr\u00e5den:<\/strong><br \/>\n&#8211; Kemikalier: reng\u00f6ringsmedel, icke-fr\u00e4tande industriv\u00e4tskor<br \/>\n&#8211; Bilv\u00e5rdsprodukter: glykol, spolarv\u00e4tska, sm\u00f6rjmedel<br \/>\n&#8211; Jordbruk: flytande g\u00f6dningsmedel, bek\u00e4mpningsmedel, bevattningsl\u00f6sningar<br \/>\n&#8211; Camping &amp; utomhusbruk: gr\u00e5vatten, tekniskt vatten<br \/>\n&#8211; Hush\u00e5ll &amp; g\u00f6r-det-sj\u00e4lv: f\u00e4rger, lim, vatten till h\u00f6gtryckstv\u00e4tt<br \/>\n&#8211; Bygg: tillsatsmedel, primers, t\u00e4tningsmedel<\/p>\n","protected":false},"excerpt":{"rendered":"<p>Denna 10-liters plastdunk \u00e4r utformad f\u00f6r enkel och kontrollerad dosering av v\u00e4tskor. Den har en halsdiameter p\u00e5 40\u202fmm och \u00e4r utrustad med en avtagbar, skruvbar h\u00e4lltut som m\u00f6jligg\u00f6r spillfri och exakt p\u00e5fyllning. Tillverkad av HDPE (h\u00f6gdensitetspolyeten), vilket ger god kemikalieresistens och l\u00e5ng h\u00e5llbarhet \u2013 perfekt f\u00f6r teknisk, jordbruksm\u00e4ssig och hush\u00e5llsbaserad anv\u00e4ndning. <\/p>\n","protected":false},"featured_media":24429,"template":"","meta":[],"product_brand":[],"product_cat":[448],"product_tag":[],"class_list":{"0":"post-24438","1":"product","2":"type-product","3":"status-publish","4":"has-post-thumbnail","6":"product_cat-fat-och-burkar","7":"product_shipping_class-omniva-sv","9":"first","10":"instock","11":"taxable","12":"shipping-taxable","13":"product-type-simple"},"yoast_head":"<!-- This site is optimized with the Yoast SEO plugin v26.9 - https:\/\/yoast.com\/product\/yoast-seo-wordpress\/ -->\n<title>10L HDPE plastdunk med skruvbar h\u00e4lltut - IBC konteineri m&uuml;&uuml;k, vaadid, kraanid, mahutid<\/title>\n<meta name=\"description\" content=\"Denna 10-liters plastdunk \u00e4r utformad f\u00f6r enkel och kontrollerad dosering av v\u00e4tskor.\" \/>\n<meta name=\"robots\" content=\"index, follow, max-snippet:-1, max-image-preview:large, max-video-preview:-1\" \/>\n<link rel=\"canonical\" href=\"https:\/\/ibc.ee\/sv\/produkt\/10l-hdpe-plastdunk-med-skruvbar-halltut\/\" \/>\n<meta property=\"og:locale\" content=\"sv_SE\" \/>\n<meta property=\"og:type\" content=\"article\" \/>\n<meta property=\"og:title\" content=\"10L HDPE plastdunk med skruvbar h\u00e4lltut - IBC konteineri m&uuml;&uuml;k, vaadid, kraanid, mahutid\" \/>\n<meta property=\"og:description\" content=\"Denna 10-liters plastdunk \u00e4r utformad f\u00f6r enkel och kontrollerad dosering av v\u00e4tskor.\" \/>\n<meta property=\"og:url\" content=\"https:\/\/ibc.ee\/sv\/produkt\/10l-hdpe-plastdunk-med-skruvbar-halltut\/\" \/>\n<meta property=\"og:site_name\" content=\"IBC konteineri m&uuml;&uuml;k, vaadid, kraanid, mahutid\" \/>\n<meta property=\"og:image\" content=\"https:\/\/ibc.ee\/wp-content\/uploads\/2025\/07\/10L-HDPE-plastkanister-keeratava-valamisavaga.jpg\" \/>\n\t<meta property=\"og:image:width\" content=\"1000\" \/>\n\t<meta property=\"og:image:height\" content=\"1000\" \/>\n\t<meta property=\"og:image:type\" content=\"image\/jpeg\" \/>\n<meta name=\"twitter:card\" content=\"summary_large_image\" \/>\n<script type=\"application\/ld+json\" class=\"yoast-schema-graph\">{\"@context\":\"https:\/\/schema.org\",\"@graph\":[{\"@type\":\"WebPage\",\"@id\":\"https:\/\/ibc.ee\/sv\/produkt\/10l-hdpe-plastdunk-med-skruvbar-halltut\/\",\"url\":\"https:\/\/ibc.ee\/sv\/produkt\/10l-hdpe-plastdunk-med-skruvbar-halltut\/\",\"name\":\"10L HDPE plastdunk med skruvbar h\u00e4lltut - IBC konteineri m&uuml;&uuml;k, vaadid, kraanid, mahutid\",\"isPartOf\":{\"@id\":\"https:\/\/www.ibc.ee\/sv\/#website\"},\"primaryImageOfPage\":{\"@id\":\"https:\/\/ibc.ee\/sv\/produkt\/10l-hdpe-plastdunk-med-skruvbar-halltut\/#primaryimage\"},\"image\":{\"@id\":\"https:\/\/ibc.ee\/sv\/produkt\/10l-hdpe-plastdunk-med-skruvbar-halltut\/#primaryimage\"},\"thumbnailUrl\":\"https:\/\/ibc.ee\/wp-content\/uploads\/2025\/07\/10L-HDPE-plastkanister-keeratava-valamisavaga.jpg\",\"datePublished\":\"2025-07-15T07:08:48+00:00\",\"description\":\"Denna 10-liters plastdunk \u00e4r utformad f\u00f6r enkel och kontrollerad dosering av v\u00e4tskor.\",\"breadcrumb\":{\"@id\":\"https:\/\/ibc.ee\/sv\/produkt\/10l-hdpe-plastdunk-med-skruvbar-halltut\/#breadcrumb\"},\"inLanguage\":\"sv-SE\",\"potentialAction\":[{\"@type\":\"ReadAction\",\"target\":[\"https:\/\/ibc.ee\/sv\/produkt\/10l-hdpe-plastdunk-med-skruvbar-halltut\/\"]}]},{\"@type\":\"ImageObject\",\"inLanguage\":\"sv-SE\",\"@id\":\"https:\/\/ibc.ee\/sv\/produkt\/10l-hdpe-plastdunk-med-skruvbar-halltut\/#primaryimage\",\"url\":\"https:\/\/ibc.ee\/wp-content\/uploads\/2025\/07\/10L-HDPE-plastkanister-keeratava-valamisavaga.jpg\",\"contentUrl\":\"https:\/\/ibc.ee\/wp-content\/uploads\/2025\/07\/10L-HDPE-plastkanister-keeratava-valamisavaga.jpg\",\"width\":1000,\"height\":1000,\"caption\":\"10L HDPE Plastic Jerry Can with Screw-On Pour Spout\"},{\"@type\":\"BreadcrumbList\",\"@id\":\"https:\/\/ibc.ee\/sv\/produkt\/10l-hdpe-plastdunk-med-skruvbar-halltut\/#breadcrumb\",\"itemListElement\":[{\"@type\":\"ListItem\",\"position\":1,\"name\":\"\u0413\u043b\u0430\u0432\u043d\u0430\u044f \u0441\u0442\u0440\u0430\u043d\u0438\u0446\u0430\",\"item\":\"https:\/\/www.ibc.ee\/sv\/\"},{\"@type\":\"ListItem\",\"position\":2,\"name\":\"Butik\",\"item\":\"https:\/\/www.ibc.ee\/sv\/butik\/\"},{\"@type\":\"ListItem\",\"position\":3,\"name\":\"10L HDPE plastdunk med skruvbar h\u00e4lltut\"}]},{\"@type\":\"WebSite\",\"@id\":\"https:\/\/www.ibc.ee\/sv\/#website\",\"url\":\"https:\/\/www.ibc.ee\/sv\/\",\"name\":\"IBC konteineri m&uuml;&uuml;k, vaadid, kraanid, mahutid\",\"description\":\"IBC - Tank container valve, Adapters\\\\fittings, Intermediate bulk, container, Drums\/cans\",\"potentialAction\":[{\"@type\":\"SearchAction\",\"target\":{\"@type\":\"EntryPoint\",\"urlTemplate\":\"https:\/\/www.ibc.ee\/sv\/?s={search_term_string}\"},\"query-input\":{\"@type\":\"PropertyValueSpecification\",\"valueRequired\":true,\"valueName\":\"search_term_string\"}}],\"inLanguage\":\"sv-SE\"}]}<\/script>\n<!-- \/ Yoast SEO plugin. -->","yoast_head_json":{"title":"10L HDPE plastdunk med skruvbar h\u00e4lltut - IBC konteineri m&uuml;&uuml;k, vaadid, kraanid, mahutid","description":"Denna 10-liters plastdunk \u00e4r utformad f\u00f6r enkel och kontrollerad dosering av v\u00e4tskor.","robots":{"index":"index","follow":"follow","max-snippet":"max-snippet:-1","max-image-preview":"max-image-preview:large","max-video-preview":"max-video-preview:-1"},"canonical":"https:\/\/ibc.ee\/sv\/produkt\/10l-hdpe-plastdunk-med-skruvbar-halltut\/","og_locale":"sv_SE","og_type":"article","og_title":"10L HDPE plastdunk med skruvbar h\u00e4lltut - IBC konteineri m&uuml;&uuml;k, vaadid, kraanid, mahutid","og_description":"Denna 10-liters plastdunk \u00e4r utformad f\u00f6r enkel och kontrollerad dosering av v\u00e4tskor.","og_url":"https:\/\/ibc.ee\/sv\/produkt\/10l-hdpe-plastdunk-med-skruvbar-halltut\/","og_site_name":"IBC konteineri m&uuml;&uuml;k, vaadid, kraanid, mahutid","og_image":[{"width":1000,"height":1000,"url":"https:\/\/ibc.ee\/wp-content\/uploads\/2025\/07\/10L-HDPE-plastkanister-keeratava-valamisavaga.jpg","type":"image\/jpeg"}],"twitter_card":"summary_large_image","schema":{"@context":"https:\/\/schema.org","@graph":[{"@type":"WebPage","@id":"https:\/\/ibc.ee\/sv\/produkt\/10l-hdpe-plastdunk-med-skruvbar-halltut\/","url":"https:\/\/ibc.ee\/sv\/produkt\/10l-hdpe-plastdunk-med-skruvbar-halltut\/","name":"10L HDPE plastdunk med skruvbar h\u00e4lltut - IBC konteineri m&uuml;&uuml;k, vaadid, kraanid, mahutid","isPartOf":{"@id":"https:\/\/www.ibc.ee\/sv\/#website"},"primaryImageOfPage":{"@id":"https:\/\/ibc.ee\/sv\/produkt\/10l-hdpe-plastdunk-med-skruvbar-halltut\/#primaryimage"},"image":{"@id":"https:\/\/ibc.ee\/sv\/produkt\/10l-hdpe-plastdunk-med-skruvbar-halltut\/#primaryimage"},"thumbnailUrl":"https:\/\/ibc.ee\/wp-content\/uploads\/2025\/07\/10L-HDPE-plastkanister-keeratava-valamisavaga.jpg","datePublished":"2025-07-15T07:08:48+00:00","description":"Denna 10-liters plastdunk \u00e4r utformad f\u00f6r enkel och kontrollerad dosering av v\u00e4tskor.","breadcrumb":{"@id":"https:\/\/ibc.ee\/sv\/produkt\/10l-hdpe-plastdunk-med-skruvbar-halltut\/#breadcrumb"},"inLanguage":"sv-SE","potentialAction":[{"@type":"ReadAction","target":["https:\/\/ibc.ee\/sv\/produkt\/10l-hdpe-plastdunk-med-skruvbar-halltut\/"]}]},{"@type":"ImageObject","inLanguage":"sv-SE","@id":"https:\/\/ibc.ee\/sv\/produkt\/10l-hdpe-plastdunk-med-skruvbar-halltut\/#primaryimage","url":"https:\/\/ibc.ee\/wp-content\/uploads\/2025\/07\/10L-HDPE-plastkanister-keeratava-valamisavaga.jpg","contentUrl":"https:\/\/ibc.ee\/wp-content\/uploads\/2025\/07\/10L-HDPE-plastkanister-keeratava-valamisavaga.jpg","width":1000,"height":1000,"caption":"10L HDPE Plastic Jerry Can with Screw-On Pour Spout"},{"@type":"BreadcrumbList","@id":"https:\/\/ibc.ee\/sv\/produkt\/10l-hdpe-plastdunk-med-skruvbar-halltut\/#breadcrumb","itemListElement":[{"@type":"ListItem","position":1,"name":"\u0413\u043b\u0430\u0432\u043d\u0430\u044f \u0441\u0442\u0440\u0430\u043d\u0438\u0446\u0430","item":"https:\/\/www.ibc.ee\/sv\/"},{"@type":"ListItem","position":2,"name":"Butik","item":"https:\/\/www.ibc.ee\/sv\/butik\/"},{"@type":"ListItem","position":3,"name":"10L HDPE plastdunk med skruvbar h\u00e4lltut"}]},{"@type":"WebSite","@id":"https:\/\/www.ibc.ee\/sv\/#website","url":"https:\/\/www.ibc.ee\/sv\/","name":"IBC konteineri m&uuml;&uuml;k, vaadid, kraanid, mahutid","description":"IBC - Tank container valve, Adapters\\fittings, Intermediate bulk, container, Drums\/cans","potentialAction":[{"@type":"SearchAction","target":{"@type":"EntryPoint","urlTemplate":"https:\/\/www.ibc.ee\/sv\/?s={search_term_string}"},"query-input":{"@type":"PropertyValueSpecification","valueRequired":true,"valueName":"search_term_string"}}],"inLanguage":"sv-SE"}]}},"_links":{"self":[{"href":"https:\/\/ibc.ee\/sv\/wp-json\/wp\/v2\/product\/24438","targetHints":{"allow":["GET"]}}],"collection":[{"href":"https:\/\/ibc.ee\/sv\/wp-json\/wp\/v2\/product"}],"about":[{"href":"https:\/\/ibc.ee\/sv\/wp-json\/wp\/v2\/types\/product"}],"wp:featuredmedia":[{"embeddable":true,"href":"https:\/\/ibc.ee\/sv\/wp-json\/wp\/v2\/media\/24429"}],"wp:attachment":[{"href":"https:\/\/ibc.ee\/sv\/wp-json\/wp\/v2\/media?parent=24438"}],"wp:term":[{"taxonomy":"product_brand","embeddable":true,"href":"https:\/\/ibc.ee\/sv\/wp-json\/wp\/v2\/product_brand?post=24438"},{"taxonomy":"product_cat","embeddable":true,"href":"https:\/\/ibc.ee\/sv\/wp-json\/wp\/v2\/product_cat?post=24438"},{"taxonomy":"product_tag","embeddable":true,"href":"https:\/\/ibc.ee\/sv\/wp-json\/wp\/v2\/product_tag?post=24438"}],"curies":[{"name":"wp","href":"https:\/\/api.w.org\/{rel}","templated":true}]}}