{"id":24457,"date":"2025-07-15T11:11:47","date_gmt":"2025-07-15T10:38:15","guid":{"rendered":"https:\/\/ibc.ee\/product\/25-l-un-certifierad-hdpe-plastdunk\/"},"modified":"2025-07-15T12:38:15","modified_gmt":"2025-07-15T10:38:15","slug":"25-l-un-certifierad-hdpe-plastdunk","status":"publish","type":"product","link":"https:\/\/ibc.ee\/sv\/produkt\/25-l-un-certifierad-hdpe-plastdunk\/","title":{"rendered":"25\u202fL UN-certifierad HDPE-plastdunk"},"content":{"rendered":"<p><strong>Specifikationer:<\/strong><br \/>\n&#8211; Volym: 25 liter<br \/>\n&#8211; UN-m\u00e4rkning: 3H1\/Y\/150<br \/>\n&#8211; Material: HDPE (h\u00f6gdensitetspolyeten)<br \/>\n&#8211; Emballagegrupp: II och III (medel och l\u00e5g risk)<br \/>\n&#8211; Lock: Skruvlock (m\u00f6jlighet till plombering)<br \/>\n&#8211; Staplingsbar: Ja \u2013 f\u00f6r effektiv f\u00f6rvaring och transport<br \/>\n&#8211; \u00c5teranv\u00e4ndbar: Ja, efter korrekt reng\u00f6ring och eventuell recertifiering<br \/>\n&#8211; F\u00e4rg: Vit eller halvtransparent (kan variera)<\/p>\n<p><strong>Vanliga anv\u00e4ndningsomr\u00e5den:<\/strong><br \/>\n&#8211; Kemisk industri: syror, baser, reng\u00f6ringsmedel, avfettningsmedel<br \/>\n&#8211; Jordbruk: flytande g\u00f6dningsmedel, bek\u00e4mpningsmedel, v\u00e4xtskyddsmedel<br \/>\n&#8211; Bilindustri och verkst\u00e4der: kylv\u00e4tska, spolarv\u00e4tska, oljor, tillsatser<br \/>\n&#8211; Industriell reng\u00f6ring: l\u00f6sningsmedel, desinfektionsmedel, reng\u00f6ringskemikalier<br \/>\n&#8211; Avfallshantering: tillf\u00e4llig lagring av anv\u00e4nda eller farliga v\u00e4tskor<br \/>\n&#8211; Logistik och export: uppfyller internationella transportkrav<br \/>\n&#8211; Bygg och hantverk: t\u00e4tningsmedel, grundf\u00e4rg, tillsatser till betong<\/p>\n","protected":false},"excerpt":{"rendered":"<p>Denna 25-liters plastdunk i HDPE \u00e4r en UN-godk\u00e4nd industribeh\u00e5llare utformad f\u00f6r s\u00e4ker lagring och transport av farliga och icke-farliga v\u00e4tskor. <\/p>\n<p>M\u00e4rkningen 3H1\/Y\/150 visar att dunken uppfyller internationella krav f\u00f6r emballagegrupp II och III, i enlighet med regler f\u00f6r transport enligt ADR, RID, IMDG och IATA.<\/p>\n","protected":false},"featured_media":24448,"template":"","meta":[],"product_brand":[],"product_cat":[448],"product_tag":[],"class_list":{"0":"post-24457","1":"product","2":"type-product","3":"status-publish","4":"has-post-thumbnail","6":"product_cat-fat-och-burkar","7":"product_shipping_class-omniva-sv","9":"first","10":"instock","11":"taxable","12":"shipping-taxable","13":"product-type-simple"},"yoast_head":"<!-- This site is optimized with the Yoast SEO plugin v26.9 - https:\/\/yoast.com\/product\/yoast-seo-wordpress\/ -->\n<title>25\u202fL UN-certifierad HDPE-plastdunk - IBC konteineri m&uuml;&uuml;k, vaadid, kraanid, mahutid<\/title>\n<meta name=\"description\" content=\"Denna 25-liters plastdunk i HDPE \u00e4r en UN-godk\u00e4nd industribeh\u00e5llare utformad f\u00f6r s\u00e4ker lagring och transport av farliga och icke-farliga v\u00e4tskor.\" \/>\n<meta name=\"robots\" content=\"index, follow, max-snippet:-1, max-image-preview:large, max-video-preview:-1\" \/>\n<link rel=\"canonical\" href=\"https:\/\/ibc.ee\/sv\/produkt\/25-l-un-certifierad-hdpe-plastdunk\/\" \/>\n<meta property=\"og:locale\" content=\"sv_SE\" \/>\n<meta property=\"og:type\" content=\"article\" \/>\n<meta property=\"og:title\" content=\"25\u202fL UN-certifierad HDPE-plastdunk - IBC konteineri m&uuml;&uuml;k, vaadid, kraanid, mahutid\" \/>\n<meta property=\"og:description\" content=\"Denna 25-liters plastdunk i HDPE \u00e4r en UN-godk\u00e4nd industribeh\u00e5llare utformad f\u00f6r s\u00e4ker lagring och transport av farliga och icke-farliga v\u00e4tskor.\" \/>\n<meta property=\"og:url\" content=\"https:\/\/ibc.ee\/sv\/produkt\/25-l-un-certifierad-hdpe-plastdunk\/\" \/>\n<meta property=\"og:site_name\" content=\"IBC konteineri m&uuml;&uuml;k, vaadid, kraanid, mahutid\" \/>\n<meta property=\"og:image\" content=\"https:\/\/ibc.ee\/wp-content\/uploads\/2025\/07\/25L-UN-sertifitseeritud-HDPE-plastkanister.jpg\" \/>\n\t<meta property=\"og:image:width\" content=\"1000\" \/>\n\t<meta property=\"og:image:height\" content=\"1000\" \/>\n\t<meta property=\"og:image:type\" content=\"image\/jpeg\" \/>\n<meta name=\"twitter:card\" content=\"summary_large_image\" \/>\n<meta name=\"twitter:label1\" content=\"Ber\u00e4knad l\u00e4stid\" \/>\n\t<meta name=\"twitter:data1\" content=\"1 minut\" \/>\n<script type=\"application\/ld+json\" class=\"yoast-schema-graph\">{\"@context\":\"https:\/\/schema.org\",\"@graph\":[{\"@type\":\"WebPage\",\"@id\":\"https:\/\/ibc.ee\/sv\/produkt\/25-l-un-certifierad-hdpe-plastdunk\/\",\"url\":\"https:\/\/ibc.ee\/sv\/produkt\/25-l-un-certifierad-hdpe-plastdunk\/\",\"name\":\"25\u202fL UN-certifierad HDPE-plastdunk - IBC konteineri m&uuml;&uuml;k, vaadid, kraanid, mahutid\",\"isPartOf\":{\"@id\":\"https:\/\/www.ibc.ee\/sv\/#website\"},\"primaryImageOfPage\":{\"@id\":\"https:\/\/ibc.ee\/sv\/produkt\/25-l-un-certifierad-hdpe-plastdunk\/#primaryimage\"},\"image\":{\"@id\":\"https:\/\/ibc.ee\/sv\/produkt\/25-l-un-certifierad-hdpe-plastdunk\/#primaryimage\"},\"thumbnailUrl\":\"https:\/\/ibc.ee\/wp-content\/uploads\/2025\/07\/25L-UN-sertifitseeritud-HDPE-plastkanister.jpg\",\"datePublished\":\"2025-07-15T10:38:15+00:00\",\"description\":\"Denna 25-liters plastdunk i HDPE \u00e4r en UN-godk\u00e4nd industribeh\u00e5llare utformad f\u00f6r s\u00e4ker lagring och transport av farliga och icke-farliga v\u00e4tskor.\",\"breadcrumb\":{\"@id\":\"https:\/\/ibc.ee\/sv\/produkt\/25-l-un-certifierad-hdpe-plastdunk\/#breadcrumb\"},\"inLanguage\":\"sv-SE\",\"potentialAction\":[{\"@type\":\"ReadAction\",\"target\":[\"https:\/\/ibc.ee\/sv\/produkt\/25-l-un-certifierad-hdpe-plastdunk\/\"]}]},{\"@type\":\"ImageObject\",\"inLanguage\":\"sv-SE\",\"@id\":\"https:\/\/ibc.ee\/sv\/produkt\/25-l-un-certifierad-hdpe-plastdunk\/#primaryimage\",\"url\":\"https:\/\/ibc.ee\/wp-content\/uploads\/2025\/07\/25L-UN-sertifitseeritud-HDPE-plastkanister.jpg\",\"contentUrl\":\"https:\/\/ibc.ee\/wp-content\/uploads\/2025\/07\/25L-UN-sertifitseeritud-HDPE-plastkanister.jpg\",\"width\":1000,\"height\":1000,\"caption\":\"25L UN Certified HDPE Plastic Jerry Can\"},{\"@type\":\"BreadcrumbList\",\"@id\":\"https:\/\/ibc.ee\/sv\/produkt\/25-l-un-certifierad-hdpe-plastdunk\/#breadcrumb\",\"itemListElement\":[{\"@type\":\"ListItem\",\"position\":1,\"name\":\"\u0413\u043b\u0430\u0432\u043d\u0430\u044f \u0441\u0442\u0440\u0430\u043d\u0438\u0446\u0430\",\"item\":\"https:\/\/www.ibc.ee\/sv\/\"},{\"@type\":\"ListItem\",\"position\":2,\"name\":\"Butik\",\"item\":\"https:\/\/www.ibc.ee\/sv\/butik\/\"},{\"@type\":\"ListItem\",\"position\":3,\"name\":\"25\u202fL UN-certifierad HDPE-plastdunk\"}]},{\"@type\":\"WebSite\",\"@id\":\"https:\/\/www.ibc.ee\/sv\/#website\",\"url\":\"https:\/\/www.ibc.ee\/sv\/\",\"name\":\"IBC konteineri m&uuml;&uuml;k, vaadid, kraanid, mahutid\",\"description\":\"IBC - Tank container valve, Adapters\\\\fittings, Intermediate bulk, container, Drums\/cans\",\"potentialAction\":[{\"@type\":\"SearchAction\",\"target\":{\"@type\":\"EntryPoint\",\"urlTemplate\":\"https:\/\/www.ibc.ee\/sv\/?s={search_term_string}\"},\"query-input\":{\"@type\":\"PropertyValueSpecification\",\"valueRequired\":true,\"valueName\":\"search_term_string\"}}],\"inLanguage\":\"sv-SE\"}]}<\/script>\n<!-- \/ Yoast SEO plugin. -->","yoast_head_json":{"title":"25\u202fL UN-certifierad HDPE-plastdunk - IBC konteineri m&uuml;&uuml;k, vaadid, kraanid, mahutid","description":"Denna 25-liters plastdunk i HDPE \u00e4r en UN-godk\u00e4nd industribeh\u00e5llare utformad f\u00f6r s\u00e4ker lagring och transport av farliga och icke-farliga v\u00e4tskor.","robots":{"index":"index","follow":"follow","max-snippet":"max-snippet:-1","max-image-preview":"max-image-preview:large","max-video-preview":"max-video-preview:-1"},"canonical":"https:\/\/ibc.ee\/sv\/produkt\/25-l-un-certifierad-hdpe-plastdunk\/","og_locale":"sv_SE","og_type":"article","og_title":"25\u202fL UN-certifierad HDPE-plastdunk - IBC konteineri m&uuml;&uuml;k, vaadid, kraanid, mahutid","og_description":"Denna 25-liters plastdunk i HDPE \u00e4r en UN-godk\u00e4nd industribeh\u00e5llare utformad f\u00f6r s\u00e4ker lagring och transport av farliga och icke-farliga v\u00e4tskor.","og_url":"https:\/\/ibc.ee\/sv\/produkt\/25-l-un-certifierad-hdpe-plastdunk\/","og_site_name":"IBC konteineri m&uuml;&uuml;k, vaadid, kraanid, mahutid","og_image":[{"width":1000,"height":1000,"url":"https:\/\/ibc.ee\/wp-content\/uploads\/2025\/07\/25L-UN-sertifitseeritud-HDPE-plastkanister.jpg","type":"image\/jpeg"}],"twitter_card":"summary_large_image","twitter_misc":{"Ber\u00e4knad l\u00e4stid":"1 minut"},"schema":{"@context":"https:\/\/schema.org","@graph":[{"@type":"WebPage","@id":"https:\/\/ibc.ee\/sv\/produkt\/25-l-un-certifierad-hdpe-plastdunk\/","url":"https:\/\/ibc.ee\/sv\/produkt\/25-l-un-certifierad-hdpe-plastdunk\/","name":"25\u202fL UN-certifierad HDPE-plastdunk - IBC konteineri m&uuml;&uuml;k, vaadid, kraanid, mahutid","isPartOf":{"@id":"https:\/\/www.ibc.ee\/sv\/#website"},"primaryImageOfPage":{"@id":"https:\/\/ibc.ee\/sv\/produkt\/25-l-un-certifierad-hdpe-plastdunk\/#primaryimage"},"image":{"@id":"https:\/\/ibc.ee\/sv\/produkt\/25-l-un-certifierad-hdpe-plastdunk\/#primaryimage"},"thumbnailUrl":"https:\/\/ibc.ee\/wp-content\/uploads\/2025\/07\/25L-UN-sertifitseeritud-HDPE-plastkanister.jpg","datePublished":"2025-07-15T10:38:15+00:00","description":"Denna 25-liters plastdunk i HDPE \u00e4r en UN-godk\u00e4nd industribeh\u00e5llare utformad f\u00f6r s\u00e4ker lagring och transport av farliga och icke-farliga v\u00e4tskor.","breadcrumb":{"@id":"https:\/\/ibc.ee\/sv\/produkt\/25-l-un-certifierad-hdpe-plastdunk\/#breadcrumb"},"inLanguage":"sv-SE","potentialAction":[{"@type":"ReadAction","target":["https:\/\/ibc.ee\/sv\/produkt\/25-l-un-certifierad-hdpe-plastdunk\/"]}]},{"@type":"ImageObject","inLanguage":"sv-SE","@id":"https:\/\/ibc.ee\/sv\/produkt\/25-l-un-certifierad-hdpe-plastdunk\/#primaryimage","url":"https:\/\/ibc.ee\/wp-content\/uploads\/2025\/07\/25L-UN-sertifitseeritud-HDPE-plastkanister.jpg","contentUrl":"https:\/\/ibc.ee\/wp-content\/uploads\/2025\/07\/25L-UN-sertifitseeritud-HDPE-plastkanister.jpg","width":1000,"height":1000,"caption":"25L UN Certified HDPE Plastic Jerry Can"},{"@type":"BreadcrumbList","@id":"https:\/\/ibc.ee\/sv\/produkt\/25-l-un-certifierad-hdpe-plastdunk\/#breadcrumb","itemListElement":[{"@type":"ListItem","position":1,"name":"\u0413\u043b\u0430\u0432\u043d\u0430\u044f \u0441\u0442\u0440\u0430\u043d\u0438\u0446\u0430","item":"https:\/\/www.ibc.ee\/sv\/"},{"@type":"ListItem","position":2,"name":"Butik","item":"https:\/\/www.ibc.ee\/sv\/butik\/"},{"@type":"ListItem","position":3,"name":"25\u202fL UN-certifierad HDPE-plastdunk"}]},{"@type":"WebSite","@id":"https:\/\/www.ibc.ee\/sv\/#website","url":"https:\/\/www.ibc.ee\/sv\/","name":"IBC konteineri m&uuml;&uuml;k, vaadid, kraanid, mahutid","description":"IBC - Tank container valve, Adapters\\fittings, Intermediate bulk, container, Drums\/cans","potentialAction":[{"@type":"SearchAction","target":{"@type":"EntryPoint","urlTemplate":"https:\/\/www.ibc.ee\/sv\/?s={search_term_string}"},"query-input":{"@type":"PropertyValueSpecification","valueRequired":true,"valueName":"search_term_string"}}],"inLanguage":"sv-SE"}]}},"_links":{"self":[{"href":"https:\/\/ibc.ee\/sv\/wp-json\/wp\/v2\/product\/24457","targetHints":{"allow":["GET"]}}],"collection":[{"href":"https:\/\/ibc.ee\/sv\/wp-json\/wp\/v2\/product"}],"about":[{"href":"https:\/\/ibc.ee\/sv\/wp-json\/wp\/v2\/types\/product"}],"wp:featuredmedia":[{"embeddable":true,"href":"https:\/\/ibc.ee\/sv\/wp-json\/wp\/v2\/media\/24448"}],"wp:attachment":[{"href":"https:\/\/ibc.ee\/sv\/wp-json\/wp\/v2\/media?parent=24457"}],"wp:term":[{"taxonomy":"product_brand","embeddable":true,"href":"https:\/\/ibc.ee\/sv\/wp-json\/wp\/v2\/product_brand?post=24457"},{"taxonomy":"product_cat","embeddable":true,"href":"https:\/\/ibc.ee\/sv\/wp-json\/wp\/v2\/product_cat?post=24457"},{"taxonomy":"product_tag","embeddable":true,"href":"https:\/\/ibc.ee\/sv\/wp-json\/wp\/v2\/product_tag?post=24457"}],"curies":[{"name":"wp","href":"https:\/\/api.w.org\/{rel}","templated":true}]}}