{"id":24475,"date":"2025-07-15T15:11:12","date_gmt":"2025-07-15T13:24:40","guid":{"rendered":"https:\/\/ibc.ee\/product\/1l-hdpe-plastflaska-bred-hals-o40-mm\/"},"modified":"2025-07-15T15:24:40","modified_gmt":"2025-07-15T13:24:40","slug":"1l-hdpe-plastflaska-bred-hals-o40-mm","status":"publish","type":"product","link":"https:\/\/ibc.ee\/sv\/produkt\/1l-hdpe-plastflaska-bred-hals-o40-mm\/","title":{"rendered":"1L HDPE-plastflaska \u2013 bred hals (\u00d840\u202fmm)"},"content":{"rendered":"<p><strong>Specifikationer:<\/strong><br \/>\n&#8211; Volym: 1 liter<br \/>\n&#8211; Halsdiameter: 40 mm (g\u00e4ngad)<br \/>\n&#8211; Flaskdiameter: 85 mm<br \/>\n&#8211; H\u00f6jd: 244 mm<br \/>\n&#8211; Material: HDPE (h\u00f6gdensitetspolyeten)<br \/>\n&#8211; F\u00e4rg: Naturlig (halvtransparent), andra f\u00e4rger tillg\u00e4ngliga<br \/>\n&#8211; Kapsyl: Kompatibel med standard g\u00e4ngade kapsyler, barns\u00e4kra lock, pumpar och pipkapsyler (ing\u00e5r ej)<\/p>\n<p><strong>Vanliga anv\u00e4ndningsomr\u00e5den:<\/strong><br \/>\n&#8211; Kemikalier: reng\u00f6ringsmedel, avfettningsmedel, desinfektionsmedel<br \/>\n&#8211; Bilv\u00e5rd: kylv\u00e4tska, spolarv\u00e4tska, tillsatser<br \/>\n&#8211; Kosmetik &amp; hygien: flytande tv\u00e5l, schampo, lotion, handsprit<br \/>\n&#8211; Jordbruk: flytande g\u00f6dselmedel, bladn\u00e4ring, v\u00e4xtextrakt<br \/>\n&#8211; Bygg &amp; DIY: grundf\u00e4rg, t\u00e4tningsmedel, vattenbaserade produkter<br \/>\n&#8211; Laboratorier &amp; provtagning: exakt v\u00e4tskef\u00f6rvaring och dosering<\/p>\n","protected":false},"excerpt":{"rendered":"<p>Denna 1-liters plastflaska, tillverkad i HDPE (h\u00f6gdensitetspolyeten), \u00e4r l\u00e4tt, st\u00f6ts\u00e4ker och idealisk f\u00f6r f\u00f6rvaring och dosering av v\u00e4tskor och halvflytande produkter. Den har en bred hals p\u00e5 40\u202fmm med g\u00e4nga, vilket g\u00f6r den enkel att fylla, h\u00e4lla ur och anv\u00e4nda med pump eller doseringskapsyl. Den naturliga (halvtransparenta) f\u00e4rgen g\u00f6r det l\u00e4tt att se v\u00e4tskeniv\u00e5n. Finns \u00e4ven i andra f\u00e4rger p\u00e5 beg\u00e4ran.   <\/p>\n","protected":false},"featured_media":24467,"template":"","meta":[],"product_brand":[],"product_cat":[448],"product_tag":[],"class_list":{"0":"post-24475","1":"product","2":"type-product","3":"status-publish","4":"has-post-thumbnail","6":"product_cat-fat-och-burkar","7":"product_shipping_class-omniva-sv","9":"first","10":"instock","11":"taxable","12":"shipping-taxable","13":"product-type-simple"},"yoast_head":"<!-- This site is optimized with the Yoast SEO plugin v26.9 - https:\/\/yoast.com\/product\/yoast-seo-wordpress\/ -->\n<title>1L HDPE-plastflaska \u2013 bred hals (\u00d840\u202fmm) - IBC konteineri m&uuml;&uuml;k, vaadid, kraanid, mahutid<\/title>\n<meta name=\"description\" content=\"Denna 1-liters plastflaska, tillverkad i HDPE (h\u00f6gdensitetspolyeten), \u00e4r l\u00e4tt, st\u00f6ts\u00e4ker och idealisk f\u00f6r f\u00f6rvaring och dosering av v\u00e4tskor och halvflytande produkter.\" \/>\n<meta name=\"robots\" content=\"index, follow, max-snippet:-1, max-image-preview:large, max-video-preview:-1\" \/>\n<link rel=\"canonical\" href=\"https:\/\/ibc.ee\/sv\/produkt\/1l-hdpe-plastflaska-bred-hals-o40-mm\/\" \/>\n<meta property=\"og:locale\" content=\"sv_SE\" \/>\n<meta property=\"og:type\" content=\"article\" \/>\n<meta property=\"og:title\" content=\"1L HDPE-plastflaska \u2013 bred hals (\u00d840\u202fmm) - IBC konteineri m&uuml;&uuml;k, vaadid, kraanid, mahutid\" \/>\n<meta property=\"og:description\" content=\"Denna 1-liters plastflaska, tillverkad i HDPE (h\u00f6gdensitetspolyeten), \u00e4r l\u00e4tt, st\u00f6ts\u00e4ker och idealisk f\u00f6r f\u00f6rvaring och dosering av v\u00e4tskor och halvflytande produkter.\" \/>\n<meta property=\"og:url\" content=\"https:\/\/ibc.ee\/sv\/produkt\/1l-hdpe-plastflaska-bred-hals-o40-mm\/\" \/>\n<meta property=\"og:site_name\" content=\"IBC konteineri m&uuml;&uuml;k, vaadid, kraanid, mahutid\" \/>\n<meta property=\"og:image\" content=\"https:\/\/ibc.ee\/wp-content\/uploads\/2025\/07\/1L-HDPE-plastpudel-laia-kaelaga.jpg\" \/>\n\t<meta property=\"og:image:width\" content=\"1000\" \/>\n\t<meta property=\"og:image:height\" content=\"1000\" \/>\n\t<meta property=\"og:image:type\" content=\"image\/jpeg\" \/>\n<meta name=\"twitter:card\" content=\"summary_large_image\" \/>\n<meta name=\"twitter:label1\" content=\"Ber\u00e4knad l\u00e4stid\" \/>\n\t<meta name=\"twitter:data1\" content=\"1 minut\" \/>\n<script type=\"application\/ld+json\" class=\"yoast-schema-graph\">{\"@context\":\"https:\/\/schema.org\",\"@graph\":[{\"@type\":\"WebPage\",\"@id\":\"https:\/\/ibc.ee\/sv\/produkt\/1l-hdpe-plastflaska-bred-hals-o40-mm\/\",\"url\":\"https:\/\/ibc.ee\/sv\/produkt\/1l-hdpe-plastflaska-bred-hals-o40-mm\/\",\"name\":\"1L HDPE-plastflaska \u2013 bred hals (\u00d840\u202fmm) - IBC konteineri m&uuml;&uuml;k, vaadid, kraanid, mahutid\",\"isPartOf\":{\"@id\":\"https:\/\/www.ibc.ee\/sv\/#website\"},\"primaryImageOfPage\":{\"@id\":\"https:\/\/ibc.ee\/sv\/produkt\/1l-hdpe-plastflaska-bred-hals-o40-mm\/#primaryimage\"},\"image\":{\"@id\":\"https:\/\/ibc.ee\/sv\/produkt\/1l-hdpe-plastflaska-bred-hals-o40-mm\/#primaryimage\"},\"thumbnailUrl\":\"https:\/\/ibc.ee\/wp-content\/uploads\/2025\/07\/1L-HDPE-plastpudel-laia-kaelaga.jpg\",\"datePublished\":\"2025-07-15T13:24:40+00:00\",\"description\":\"Denna 1-liters plastflaska, tillverkad i HDPE (h\u00f6gdensitetspolyeten), \u00e4r l\u00e4tt, st\u00f6ts\u00e4ker och idealisk f\u00f6r f\u00f6rvaring och dosering av v\u00e4tskor och halvflytande produkter.\",\"breadcrumb\":{\"@id\":\"https:\/\/ibc.ee\/sv\/produkt\/1l-hdpe-plastflaska-bred-hals-o40-mm\/#breadcrumb\"},\"inLanguage\":\"sv-SE\",\"potentialAction\":[{\"@type\":\"ReadAction\",\"target\":[\"https:\/\/ibc.ee\/sv\/produkt\/1l-hdpe-plastflaska-bred-hals-o40-mm\/\"]}]},{\"@type\":\"ImageObject\",\"inLanguage\":\"sv-SE\",\"@id\":\"https:\/\/ibc.ee\/sv\/produkt\/1l-hdpe-plastflaska-bred-hals-o40-mm\/#primaryimage\",\"url\":\"https:\/\/ibc.ee\/wp-content\/uploads\/2025\/07\/1L-HDPE-plastpudel-laia-kaelaga.jpg\",\"contentUrl\":\"https:\/\/ibc.ee\/wp-content\/uploads\/2025\/07\/1L-HDPE-plastpudel-laia-kaelaga.jpg\",\"width\":1000,\"height\":1000,\"caption\":\"1L HDPE Plastic Bottle \u2013 Wide Neck (\u00d840mm)\"},{\"@type\":\"BreadcrumbList\",\"@id\":\"https:\/\/ibc.ee\/sv\/produkt\/1l-hdpe-plastflaska-bred-hals-o40-mm\/#breadcrumb\",\"itemListElement\":[{\"@type\":\"ListItem\",\"position\":1,\"name\":\"\u0413\u043b\u0430\u0432\u043d\u0430\u044f \u0441\u0442\u0440\u0430\u043d\u0438\u0446\u0430\",\"item\":\"https:\/\/www.ibc.ee\/sv\/\"},{\"@type\":\"ListItem\",\"position\":2,\"name\":\"Butik\",\"item\":\"https:\/\/www.ibc.ee\/sv\/butik\/\"},{\"@type\":\"ListItem\",\"position\":3,\"name\":\"1L HDPE-plastflaska \u2013 bred hals (\u00d840\u202fmm)\"}]},{\"@type\":\"WebSite\",\"@id\":\"https:\/\/www.ibc.ee\/sv\/#website\",\"url\":\"https:\/\/www.ibc.ee\/sv\/\",\"name\":\"IBC konteineri m&uuml;&uuml;k, vaadid, kraanid, mahutid\",\"description\":\"IBC - Tank container valve, Adapters\\\\fittings, Intermediate bulk, container, Drums\/cans\",\"potentialAction\":[{\"@type\":\"SearchAction\",\"target\":{\"@type\":\"EntryPoint\",\"urlTemplate\":\"https:\/\/www.ibc.ee\/sv\/?s={search_term_string}\"},\"query-input\":{\"@type\":\"PropertyValueSpecification\",\"valueRequired\":true,\"valueName\":\"search_term_string\"}}],\"inLanguage\":\"sv-SE\"}]}<\/script>\n<!-- \/ Yoast SEO plugin. -->","yoast_head_json":{"title":"1L HDPE-plastflaska \u2013 bred hals (\u00d840\u202fmm) - IBC konteineri m&uuml;&uuml;k, vaadid, kraanid, mahutid","description":"Denna 1-liters plastflaska, tillverkad i HDPE (h\u00f6gdensitetspolyeten), \u00e4r l\u00e4tt, st\u00f6ts\u00e4ker och idealisk f\u00f6r f\u00f6rvaring och dosering av v\u00e4tskor och halvflytande produkter.","robots":{"index":"index","follow":"follow","max-snippet":"max-snippet:-1","max-image-preview":"max-image-preview:large","max-video-preview":"max-video-preview:-1"},"canonical":"https:\/\/ibc.ee\/sv\/produkt\/1l-hdpe-plastflaska-bred-hals-o40-mm\/","og_locale":"sv_SE","og_type":"article","og_title":"1L HDPE-plastflaska \u2013 bred hals (\u00d840\u202fmm) - IBC konteineri m&uuml;&uuml;k, vaadid, kraanid, mahutid","og_description":"Denna 1-liters plastflaska, tillverkad i HDPE (h\u00f6gdensitetspolyeten), \u00e4r l\u00e4tt, st\u00f6ts\u00e4ker och idealisk f\u00f6r f\u00f6rvaring och dosering av v\u00e4tskor och halvflytande produkter.","og_url":"https:\/\/ibc.ee\/sv\/produkt\/1l-hdpe-plastflaska-bred-hals-o40-mm\/","og_site_name":"IBC konteineri m&uuml;&uuml;k, vaadid, kraanid, mahutid","og_image":[{"width":1000,"height":1000,"url":"https:\/\/ibc.ee\/wp-content\/uploads\/2025\/07\/1L-HDPE-plastpudel-laia-kaelaga.jpg","type":"image\/jpeg"}],"twitter_card":"summary_large_image","twitter_misc":{"Ber\u00e4knad l\u00e4stid":"1 minut"},"schema":{"@context":"https:\/\/schema.org","@graph":[{"@type":"WebPage","@id":"https:\/\/ibc.ee\/sv\/produkt\/1l-hdpe-plastflaska-bred-hals-o40-mm\/","url":"https:\/\/ibc.ee\/sv\/produkt\/1l-hdpe-plastflaska-bred-hals-o40-mm\/","name":"1L HDPE-plastflaska \u2013 bred hals (\u00d840\u202fmm) - IBC konteineri m&uuml;&uuml;k, vaadid, kraanid, mahutid","isPartOf":{"@id":"https:\/\/www.ibc.ee\/sv\/#website"},"primaryImageOfPage":{"@id":"https:\/\/ibc.ee\/sv\/produkt\/1l-hdpe-plastflaska-bred-hals-o40-mm\/#primaryimage"},"image":{"@id":"https:\/\/ibc.ee\/sv\/produkt\/1l-hdpe-plastflaska-bred-hals-o40-mm\/#primaryimage"},"thumbnailUrl":"https:\/\/ibc.ee\/wp-content\/uploads\/2025\/07\/1L-HDPE-plastpudel-laia-kaelaga.jpg","datePublished":"2025-07-15T13:24:40+00:00","description":"Denna 1-liters plastflaska, tillverkad i HDPE (h\u00f6gdensitetspolyeten), \u00e4r l\u00e4tt, st\u00f6ts\u00e4ker och idealisk f\u00f6r f\u00f6rvaring och dosering av v\u00e4tskor och halvflytande produkter.","breadcrumb":{"@id":"https:\/\/ibc.ee\/sv\/produkt\/1l-hdpe-plastflaska-bred-hals-o40-mm\/#breadcrumb"},"inLanguage":"sv-SE","potentialAction":[{"@type":"ReadAction","target":["https:\/\/ibc.ee\/sv\/produkt\/1l-hdpe-plastflaska-bred-hals-o40-mm\/"]}]},{"@type":"ImageObject","inLanguage":"sv-SE","@id":"https:\/\/ibc.ee\/sv\/produkt\/1l-hdpe-plastflaska-bred-hals-o40-mm\/#primaryimage","url":"https:\/\/ibc.ee\/wp-content\/uploads\/2025\/07\/1L-HDPE-plastpudel-laia-kaelaga.jpg","contentUrl":"https:\/\/ibc.ee\/wp-content\/uploads\/2025\/07\/1L-HDPE-plastpudel-laia-kaelaga.jpg","width":1000,"height":1000,"caption":"1L HDPE Plastic Bottle \u2013 Wide Neck (\u00d840mm)"},{"@type":"BreadcrumbList","@id":"https:\/\/ibc.ee\/sv\/produkt\/1l-hdpe-plastflaska-bred-hals-o40-mm\/#breadcrumb","itemListElement":[{"@type":"ListItem","position":1,"name":"\u0413\u043b\u0430\u0432\u043d\u0430\u044f \u0441\u0442\u0440\u0430\u043d\u0438\u0446\u0430","item":"https:\/\/www.ibc.ee\/sv\/"},{"@type":"ListItem","position":2,"name":"Butik","item":"https:\/\/www.ibc.ee\/sv\/butik\/"},{"@type":"ListItem","position":3,"name":"1L HDPE-plastflaska \u2013 bred hals (\u00d840\u202fmm)"}]},{"@type":"WebSite","@id":"https:\/\/www.ibc.ee\/sv\/#website","url":"https:\/\/www.ibc.ee\/sv\/","name":"IBC konteineri m&uuml;&uuml;k, vaadid, kraanid, mahutid","description":"IBC - Tank container valve, Adapters\\fittings, Intermediate bulk, container, Drums\/cans","potentialAction":[{"@type":"SearchAction","target":{"@type":"EntryPoint","urlTemplate":"https:\/\/www.ibc.ee\/sv\/?s={search_term_string}"},"query-input":{"@type":"PropertyValueSpecification","valueRequired":true,"valueName":"search_term_string"}}],"inLanguage":"sv-SE"}]}},"_links":{"self":[{"href":"https:\/\/ibc.ee\/sv\/wp-json\/wp\/v2\/product\/24475","targetHints":{"allow":["GET"]}}],"collection":[{"href":"https:\/\/ibc.ee\/sv\/wp-json\/wp\/v2\/product"}],"about":[{"href":"https:\/\/ibc.ee\/sv\/wp-json\/wp\/v2\/types\/product"}],"wp:featuredmedia":[{"embeddable":true,"href":"https:\/\/ibc.ee\/sv\/wp-json\/wp\/v2\/media\/24467"}],"wp:attachment":[{"href":"https:\/\/ibc.ee\/sv\/wp-json\/wp\/v2\/media?parent=24475"}],"wp:term":[{"taxonomy":"product_brand","embeddable":true,"href":"https:\/\/ibc.ee\/sv\/wp-json\/wp\/v2\/product_brand?post=24475"},{"taxonomy":"product_cat","embeddable":true,"href":"https:\/\/ibc.ee\/sv\/wp-json\/wp\/v2\/product_cat?post=24475"},{"taxonomy":"product_tag","embeddable":true,"href":"https:\/\/ibc.ee\/sv\/wp-json\/wp\/v2\/product_tag?post=24475"}],"curies":[{"name":"wp","href":"https:\/\/api.w.org\/{rel}","templated":true}]}}